{"id":243,"date":"2024-01-04T18:51:25","date_gmt":"2024-01-04T17:51:25","guid":{"rendered":"https:\/\/sroblesportfolio.com\/?page_id=243"},"modified":"2024-06-11T01:10:59","modified_gmt":"2024-06-10T23:10:59","slug":"sobre-mi","status":"publish","type":"page","link":"https:\/\/sroblesportfolio.com\/index.php\/sobre-mi\/","title":{"rendered":"Sobre mi"},"content":{"rendered":"<div class=\"gb-container gb-container-1f287498\">\n\n<div style=\"height:29px\" aria-hidden=\"true\" class=\"wp-block-spacer\"><\/div>\n\n<\/div>\n\n\n<h2 class=\"wp-block-heading has-text-align-center is-style-ona-alt-font has-text-color has-link-color has-large-font-size wp-elements-23c42aaa3569f84f4b00eadb2496e00f\" style=\"color:#28a840e0\">Sebasti\u00e1n Robles<\/h2>\n\n\n\n<div class=\"wp-block-columns alignwide is-layout-flex wp-container-core-columns-is-layout-1 wp-block-columns-is-layout-flex\">\n<div class=\"wp-block-column is-vertically-aligned-stretch is-style-ona-hide-on-tablet is-layout-flow wp-block-column-is-layout-flow\" style=\"flex-basis:40%\">\n<figure class=\"wp-block-image alignleft size-large is-resized\"><img loading=\"lazy\" decoding=\"async\" width=\"683\" height=\"1024\" src=\"http:\/\/sroblesportfolio.com\/wp-content\/uploads\/2024\/01\/IMG_0807-683x1024.jpg\" alt=\"\" class=\"wp-image-385\" style=\"width:452px;height:auto\" srcset=\"https:\/\/sroblesportfolio.com\/wp-content\/uploads\/2024\/01\/IMG_0807-683x1024.jpg 683w, https:\/\/sroblesportfolio.com\/wp-content\/uploads\/2024\/01\/IMG_0807-200x300.jpg 200w, https:\/\/sroblesportfolio.com\/wp-content\/uploads\/2024\/01\/IMG_0807-768x1152.jpg 768w, https:\/\/sroblesportfolio.com\/wp-content\/uploads\/2024\/01\/IMG_0807-1024x1536.jpg 1024w, https:\/\/sroblesportfolio.com\/wp-content\/uploads\/2024\/01\/IMG_0807-1365x2048.jpg 1365w, https:\/\/sroblesportfolio.com\/wp-content\/uploads\/2024\/01\/IMG_0807-8x12.jpg 8w, https:\/\/sroblesportfolio.com\/wp-content\/uploads\/2024\/01\/IMG_0807-1170x1755.jpg 1170w, https:\/\/sroblesportfolio.com\/wp-content\/uploads\/2024\/01\/IMG_0807-scaled.jpg 1707w\" sizes=\"(max-width: 683px) 100vw, 683px\" \/><\/figure>\n\n\n\n<iframe src=\"https:\/\/www.google.com\/maps\/embed?pb=!1m18!1m12!1m3!1d23226.65102045041!2d-1.9944824945921693!3d43.30732203082228!2m3!1f0!2f0!3f0!3m2!1i1024!2i768!4f13.1!3m3!1m2!1s0xd51affe3b68fe15%3A0xe43ec55994864649!2sSan%20Sebasti%C3%A1n%2C%20Gipuzkoa!5e0!3m2!1ses!2ses!4v1704610219125!5m2!1ses!2ses\" width=\"92%\" height=\"350\" style=\"border:0;\" allowfullscreen=\"\" loading=\"lazy\" referrerpolicy=\"no-referrer-when-downgrade\"><\/iframe>\n<\/div>\n\n\n\n<div class=\"wp-block-column is-vertically-aligned-top has-small-font-size is-layout-flow wp-block-column-is-layout-flow\" style=\"flex-basis:60%\">\n<p class=\"has-base-font-family\" style=\"font-size:0.9rem\">\u00a1Hola! Soy Sebas,  un artista 3D y dise\u00f1ador gr\u00e1fico con experiencia pr\u00e1ctica en una amplia gama de disciplinas creativas. Me enfoco en dar vida a conceptos o ideas y construir identidades visuales atractivas.<\/p>\n\n\n\n<p class=\"has-base-font-family\" style=\"font-size:0.9rem\">Durante mi desarrollo profesional, he tenido la oportunidad de trabajar como pasante,  entre otros, en el <strong><em><a href=\"https:\/\/gipuzkoabasket.com\/\" data-type=\"link\" data-id=\"https:\/\/gipuzkoabasket.com\/\" target=\"_blank\" rel=\"noreferrer noopener\">Gipuzkoa Basket Center<\/a>,<\/em><\/strong> donde contribu\u00ed al dise\u00f1o para eventos deportivos y para su web, sumergi\u00e9ndome en el mundo del dise\u00f1o aplicado.<\/p>\n\n\n\n<h2 class=\"wp-block-heading has-text-align-right is-style-ona-alt-font has-text-color has-link-color has-medium-large-font-size wp-elements-20985e9193277602c312a484fb3f79df\" style=\"color:#28a93fa6;text-transform:none\">Preparado<\/h2>\n\n\n\n<p class=\"has-base-font-family\" style=\"font-size:0.9rem\">Titulado c\u00f3mo T\u00e9cnico Superior en Dise\u00f1o y Edici\u00f3n de Publicaciones Impresas y Multimedia, T\u00e9cnico Superior en Animaciones 3D, Videojuegos y Entornos Interactivos, Diplomado en Dise\u00f1o y Desarrollo Web front end con HTML5 y CSS3, Diplomado en Confecci\u00f3n de P\u00e1ginas Web con WordPress, Diplomado en Concept Art e Ilustraci\u00f3n Digital y Diplomado en Creaci\u00f3n y Modelado 3D con Zbrush.<\/p>\n\n\n\n<p class=\"has-base-font-family\" style=\"font-size:0.9rem\">En mi portfolio web quiero destacar mis habilidades de modelado 3D, de dise\u00f1o de identidad visual y branding, pero tambi\u00e9n plasmar mis cualidades referentes a ilustraci\u00f3n, fotograf\u00eda, maquetaci\u00f3n, animaci\u00f3n 2D\/3D y programaci\u00f3n front end.<\/p>\n\n\n\n<h2 class=\"wp-block-heading has-text-align-right is-style-ona-alt-font has-text-color has-link-color has-medium-large-font-size wp-elements-09df54658a667b798257ce92e5c71464\" style=\"color:#28a93fa6;text-transform:none\">Proactivo<\/h2>\n\n\n\n<p class=\"has-base-font-family\" style=\"font-size:0.9rem\">He creado mi propia tienda online, llamada <strong><em><a href=\"https:\/\/www.krien.es\/\" data-type=\"link\" data-id=\"https:\/\/www.krien.es\/\" target=\"_blank\" rel=\"noreferrer noopener\">Krien<\/a><\/em><\/strong>, donde he aplicado mis conocimientos en dise\u00f1o gr\u00e1fico y animaci\u00f3n para desarrollar una identidad visual \u00fanica. Esta experiencia no solo fortaleci\u00f3 mis habilidades t\u00e9cnicas, sino que tambi\u00e9n me ense\u00f1\u00f3 sobre la gesti\u00f3n de proyectos, gesti\u00f3n financiera, liderazgo de un equipo de trabajo, marketing digital y creaci\u00f3n de marcas.<\/p>\n\n\n\n<p class=\"has-base-font-family\" style=\"font-size:0.9rem\">Tambi\u00e9n e llevado a cabo varios encargos de trabajo por cuenta propia, colaborando con clientes para proporcionar soluciones creativas y personalizadas en cada proyecto.<\/p>\n\n\n\n<h2 class=\"wp-block-heading has-text-align-right is-style-ona-alt-font has-text-color has-link-color has-medium-large-font-size wp-elements-55d0d4326ab157792bd547b6a6fee5fb\" style=\"color:#28a93fa6\">Predispuesto<\/h2>\n\n\n<div class=\"gb-container gb-container-0325579e\">\n\n<p class=\"has-base-font-family\" style=\"font-size:0.9rem\">Aunque mi camino est\u00e1 en sus primeras etapas, estoy comprometido con mi crecimiento y desarrollo profesional continuo.<\/p>\n\n<\/div>\n\n\n<p class=\"has-base-font-family\" style=\"font-size:0.9rem\">Abierto a cualquier oportunidad de colaborar en proyectos creativos y seguir expandiendo mis habilidades y experiencia. \u00a1Gracias por visitar mi portafolio!<\/p>\n\n\n\n<div style=\"height:36px\" aria-hidden=\"true\" class=\"wp-block-spacer\"><\/div>\n\n\n\n<p class=\"has-text-align-center has-base-font-family\" style=\"font-size:1rem\"><strong><a href=\"https:\/\/sroblesportfolio.com\/index.php\/contacto\/\" data-type=\"page\" data-id=\"36\">\u00a1Contacta conmigo<\/a><\/strong> para trabajar juntos en tu pr\u00f3ximo proyecto!<\/p>\n<\/div>\n<\/div>\n\n\n\n<div class=\"wp-block-group alignfull is-layout-flow wp-block-group-is-layout-flow\">\n<div class=\"wp-block-columns is-layout-flex wp-container-core-columns-is-layout-2 wp-block-columns-is-layout-flex\" style=\"margin-top:0;margin-bottom:0;padding-top:0px;padding-right:0px;padding-bottom:0px;padding-left:0px\">\n<div class=\"wp-block-column is-style-no-spacing is-style-default is-layout-flow wp-block-column-is-layout-flow\">\n<div class=\"wp-block-cover is-light is-vertically-stretched\"><span aria-hidden=\"true\" class=\"wp-block-cover__background has-background-dim-0 has-background-dim\"><\/span><img loading=\"lazy\" decoding=\"async\" width=\"1707\" height=\"2560\" class=\"wp-block-cover__image-background wp-image-380\" alt=\"\" src=\"https:\/\/sroblesportfolio.com\/wp-content\/uploads\/2024\/01\/IMG_0983-scaled.jpg\" style=\"object-position:52% 47%\" data-object-fit=\"cover\" data-object-position=\"52% 47%\" srcset=\"https:\/\/sroblesportfolio.com\/wp-content\/uploads\/2024\/01\/IMG_0983-scaled.jpg 1707w, https:\/\/sroblesportfolio.com\/wp-content\/uploads\/2024\/01\/IMG_0983-200x300.jpg 200w, https:\/\/sroblesportfolio.com\/wp-content\/uploads\/2024\/01\/IMG_0983-683x1024.jpg 683w, https:\/\/sroblesportfolio.com\/wp-content\/uploads\/2024\/01\/IMG_0983-768x1152.jpg 768w, https:\/\/sroblesportfolio.com\/wp-content\/uploads\/2024\/01\/IMG_0983-1024x1536.jpg 1024w, https:\/\/sroblesportfolio.com\/wp-content\/uploads\/2024\/01\/IMG_0983-1365x2048.jpg 1365w, https:\/\/sroblesportfolio.com\/wp-content\/uploads\/2024\/01\/IMG_0983-8x12.jpg 8w, https:\/\/sroblesportfolio.com\/wp-content\/uploads\/2024\/01\/IMG_0983-1170x1755.jpg 1170w\" sizes=\"(max-width: 1707px) 100vw, 1707px\" \/><div class=\"wp-block-cover__inner-container is-layout-flow wp-block-cover-is-layout-flow\">\n<p class=\"has-text-align-center has-large-font-size\"><\/p>\n<\/div><\/div>\n<\/div>\n\n\n\n<div class=\"wp-block-column is-layout-flow wp-block-column-is-layout-flow\">\n<div class=\"wp-block-group has-background-light-background-color has-background is-layout-flow wp-block-group-is-layout-flow\" style=\"padding-top:15%;padding-right:20%;padding-bottom:15%;padding-left:20%\">\n<h2 class=\"wp-block-heading is-style-default has-base-font-family has-large-font-size\" id=\"my-travel-gear\" style=\"line-height:1.2\">EMPRENDIMIENTO<\/h2>\n\n\n\n<p>Como emprendedor, mi enfoque pragm\u00e1tico y dedicaci\u00f3n constante en la gesti\u00f3n de proyectos han sido esenciales en mi trayectoria. Recientemente, lider\u00e9 la creaci\u00f3n y direcci\u00f3n de Krien junto a un peque\u00f1o equipo excepcional.<\/p>\n\n\n\n<p>En Krien, no solo nos dedicamos a dise\u00f1ar, sino que hemos construido una marca que fusiona estilo urbano y expresi\u00f3n art\u00edstica. Mi participaci\u00f3n abarca desde la conceptualizaci\u00f3n hasta la ejecuci\u00f3n integral de la presencia online, gestionando la web, redes sociales y estrategias de ventas. Nos destacamos tambi\u00e9n en la producci\u00f3n de contenido audiovisual, plasmando aut\u00e9nticamente nuestro estilo y habilidades art\u00edsticas.<\/p>\n\n\n\n<p>Como emprendedor orientado a resultados, mi \u00e9tica laboral y creatividad son pilares de mi enfoque. Estoy impaciente por la oportunidad de aplicar estas habilidades a nuevos desaf\u00edos. Soy decidido y adaptativo. Estoy listo para aportar mi perspectiva \u00fanica a cualquier equipo que busque innovaci\u00f3n y \u00e9xito continuo.<\/p>\n\n\n\n<div style=\"height:10px\" aria-hidden=\"true\" class=\"wp-block-spacer\"><\/div>\n\n\n\n<h2 class=\"wp-block-heading is-style-ona-alt-font\"><a href=\"https:\/\/www.krien.es\/\">Krien<\/a><\/h2>\n<\/div>\n<\/div>\n<\/div>\n<\/div>\n","protected":false},"excerpt":{"rendered":"<p>Sebasti\u00e1n Robles \u00a1Hola! Soy Sebas, un artista 3D y dise\u00f1ador gr\u00e1fico con experiencia pr\u00e1ctica en una amplia gama de disciplinas creativas. Me enfoco en dar vida a conceptos o ideas y construir identidades visuales atractivas. Durante mi desarrollo profesional, he tenido la oportunidad de trabajar como pasante, entre otros, en el Gipuzkoa Basket Center, donde [&hellip;]<\/p>\n","protected":false},"author":1,"featured_media":0,"parent":0,"menu_order":0,"comment_status":"closed","ping_status":"closed","template":"","meta":{"footnotes":""},"_links":{"self":[{"href":"https:\/\/sroblesportfolio.com\/index.php\/wp-json\/wp\/v2\/pages\/243"}],"collection":[{"href":"https:\/\/sroblesportfolio.com\/index.php\/wp-json\/wp\/v2\/pages"}],"about":[{"href":"https:\/\/sroblesportfolio.com\/index.php\/wp-json\/wp\/v2\/types\/page"}],"author":[{"embeddable":true,"href":"https:\/\/sroblesportfolio.com\/index.php\/wp-json\/wp\/v2\/users\/1"}],"replies":[{"embeddable":true,"href":"https:\/\/sroblesportfolio.com\/index.php\/wp-json\/wp\/v2\/comments?post=243"}],"version-history":[{"count":45,"href":"https:\/\/sroblesportfolio.com\/index.php\/wp-json\/wp\/v2\/pages\/243\/revisions"}],"predecessor-version":[{"id":1384,"href":"https:\/\/sroblesportfolio.com\/index.php\/wp-json\/wp\/v2\/pages\/243\/revisions\/1384"}],"wp:attachment":[{"href":"https:\/\/sroblesportfolio.com\/index.php\/wp-json\/wp\/v2\/media?parent=243"}],"curies":[{"name":"wp","href":"https:\/\/api.w.org\/{rel}","templated":true}]}}